{"id":4392,"date":"2025-02-05T11:35:45","date_gmt":"2025-02-05T11:35:45","guid":{"rendered":"https:\/\/lafamiliamanrique.com\/about\/"},"modified":"2025-03-03T13:03:37","modified_gmt":"2025-03-03T13:03:37","slug":"about","status":"publish","type":"page","link":"https:\/\/lafamiliamanrique.com\/es\/about\/","title":{"rendered":"Sobre Nosotros"},"content":{"rendered":"<div class=\"wp-block-uagb-container uagb-block-4d8a2e6f alignfull uagb-is-root-container\"><div class=\"uagb-container-inner-blocks-wrap\">\n<div class=\"wp-block-uagb-advanced-heading uagb-block-25607b45\"><h1 class=\"uagb-heading-text\">Sobre Nosotros<\/h1><\/div>\n<\/div><\/div>\n\n\n\n<div class=\"wp-block-uagb-container uagb-block-0adc3ca7 alignfull uagb-is-root-container\"><div class=\"uagb-container-inner-blocks-wrap\">\n<div class=\"wp-block-uagb-container uagb-block-4f6593eb\">\n<div class=\"wp-block-uagb-container uagb-block-8ebc0603\">\n<div class=\"wp-block-uagb-info-box uagb-block-e67622cd uagb-infobox__content-wrap  uagb-infobox-icon-above-title uagb-infobox-image-valign-top\"><div class=\"uagb-ifb-content\"><div class=\"uagb-ifb-title-wrap\"><div class=\"uagb-ifb-separator\"><\/div><h2 class=\"uagb-ifb-title\">La Familia Manrique<\/h2><\/div><p class=\"uagb-ifb-desc\">La familia Manrique se dedica a crear un ambiente acogedor, compartiendo su amor por la cocina cubana con cada hu\u00e9sped. Su hospitalidad refleja la calidez y riqueza de su herencia cultural, donde cada detalle est\u00e1 pensado para hacer sentir a los visitantes como en casa.<br>El viaje comenz\u00f3 cuando la familia Manrique decidi\u00f3 compartir sus tradiciones culinarias y hospitalidad, transformando su hogar en un refugio para quienes buscan aut\u00e9nticas experiencias cubanas. Desde recetas familiares transmitidas de generaci\u00f3n en generaci\u00f3n hasta la decoraci\u00f3n que evoca la esencia de Cuba, cada rinc\u00f3n de nuestras propiedades est\u00e1 impregnado de historia y cari\u00f1o.<br>Nos enorgullece ofrecer un espacio donde los hu\u00e9spedes no solo disfrutan de deliciosos platillos, sino que tambi\u00e9n se sumergen en la cultura local y en las historias que dan vida a cada comida. En La Familia Manrique, creemos que cada visita es una oportunidad para crear recuerdos imborrables y fortalecer la conexi\u00f3n con nuestra hermosa isla.<br>\u00a1Te invitamos a ser parte de nuestra familia y a descubrir todo lo que Cuba tiene para ofrecer!<\/p><\/div><\/div>\n<\/div>\n\n\n\n<div class=\"wp-block-uagb-container uagb-block-f54f5c23\"><\/div>\n<\/div>\n<\/div><\/div>\n\n\n\n<div class=\"wp-block-uagb-container uagb-block-ff349878 alignfull uagb-is-root-container\"><div class=\"uagb-container-inner-blocks-wrap\"><\/div><\/div>\n\n\n\n<p><\/p>","protected":false},"excerpt":{"rendered":"<p>Sobre Nosotros<\/p>","protected":false},"author":1,"featured_media":0,"parent":0,"menu_order":0,"comment_status":"closed","ping_status":"closed","template":"","meta":{"om_disable_all_campaigns":false,"_uag_custom_page_level_css":"","_monsterinsights_skip_tracking":false,"_monsterinsights_sitenote_active":false,"_monsterinsights_sitenote_note":"","_monsterinsights_sitenote_category":0,"site-sidebar-layout":"no-sidebar","site-content-layout":"plain-container","ast-site-content-layout":"normal-width-container","site-content-style":"unboxed","site-sidebar-style":"unboxed","ast-global-header-display":"","ast-banner-title-visibility":"","ast-main-header-display":"","ast-hfb-above-header-display":"","ast-hfb-below-header-display":"","ast-hfb-mobile-header-display":"","site-post-title":"disabled","ast-breadcrumbs-content":"","ast-featured-img":"","footer-sml-layout":"","ast-disable-related-posts":"","theme-transparent-header-meta":"enabled","adv-header-id-meta":"","stick-header-meta":"","header-above-stick-meta":"","header-main-stick-meta":"","header-below-stick-meta":"","astra-migrate-meta-layouts":"set","ast-page-background-enabled":"default","ast-page-background-meta":{"desktop":{"background-color":"","background-image":"","background-repeat":"repeat","background-position":"center center","background-size":"auto","background-attachment":"scroll","background-type":"","background-media":"","overlay-type":"","overlay-color":"","overlay-opacity":"","overlay-gradient":""},"tablet":{"background-color":"","background-image":"","background-repeat":"repeat","background-position":"center center","background-size":"auto","background-attachment":"scroll","background-type":"","background-media":"","overlay-type":"","overlay-color":"","overlay-opacity":"","overlay-gradient":""},"mobile":{"background-color":"","background-image":"","background-repeat":"repeat","background-position":"center center","background-size":"auto","background-attachment":"scroll","background-type":"","background-media":"","overlay-type":"","overlay-color":"","overlay-opacity":"","overlay-gradient":""}},"ast-content-background-meta":{"desktop":{"background-color":"var(--ast-global-color-5)","background-image":"","background-repeat":"repeat","background-position":"center center","background-size":"auto","background-attachment":"scroll","background-type":"","background-media":"","overlay-type":"","overlay-color":"","overlay-opacity":"","overlay-gradient":""},"tablet":{"background-color":"var(--ast-global-color-5)","background-image":"","background-repeat":"repeat","background-position":"center center","background-size":"auto","background-attachment":"scroll","background-type":"","background-media":"","overlay-type":"","overlay-color":"","overlay-opacity":"","overlay-gradient":""},"mobile":{"background-color":"var(--ast-global-color-5)","background-image":"","background-repeat":"repeat","background-position":"center center","background-size":"auto","background-attachment":"scroll","background-type":"","background-media":"","overlay-type":"","overlay-color":"","overlay-opacity":"","overlay-gradient":""}},"footnotes":""},"class_list":["post-4392","page","type-page","status-publish","hentry"],"aioseo_notices":[],"uagb_featured_image_src":{"full":false,"thumbnail":false,"medium":false,"medium_large":false,"large":false,"1536x1536":false,"2048x2048":false,"trp-custom-language-flag":false,"widget-thumbnail":false},"uagb_author_info":{"display_name":"gcollazo23@gmail.com","author_link":"https:\/\/lafamiliamanrique.com\/es\/author\/gcollazo23gmail-com\/"},"uagb_comment_info":0,"uagb_excerpt":"About Us","_links":{"self":[{"href":"https:\/\/lafamiliamanrique.com\/es\/wp-json\/wp\/v2\/pages\/4392","targetHints":{"allow":["GET"]}}],"collection":[{"href":"https:\/\/lafamiliamanrique.com\/es\/wp-json\/wp\/v2\/pages"}],"about":[{"href":"https:\/\/lafamiliamanrique.com\/es\/wp-json\/wp\/v2\/types\/page"}],"author":[{"embeddable":true,"href":"https:\/\/lafamiliamanrique.com\/es\/wp-json\/wp\/v2\/users\/1"}],"replies":[{"embeddable":true,"href":"https:\/\/lafamiliamanrique.com\/es\/wp-json\/wp\/v2\/comments?post=4392"}],"version-history":[{"count":9,"href":"https:\/\/lafamiliamanrique.com\/es\/wp-json\/wp\/v2\/pages\/4392\/revisions"}],"predecessor-version":[{"id":6482,"href":"https:\/\/lafamiliamanrique.com\/es\/wp-json\/wp\/v2\/pages\/4392\/revisions\/6482"}],"wp:attachment":[{"href":"https:\/\/lafamiliamanrique.com\/es\/wp-json\/wp\/v2\/media?parent=4392"}],"curies":[{"name":"wp","href":"https:\/\/api.w.org\/{rel}","templated":true}]}}