{"id":6248,"date":"2025-02-12T15:02:39","date_gmt":"2025-02-12T15:02:39","guid":{"rendered":"https:\/\/lafamiliamanrique.com\/?page_id=6248"},"modified":"2025-03-14T01:18:06","modified_gmt":"2025-03-14T01:18:06","slug":"blog-hostal-restaurante-la-familia-manrique-en-la-habana-cuba","status":"publish","type":"page","link":"https:\/\/lafamiliamanrique.com\/es\/blog-hostal-restaurante-la-familia-manrique-en-la-habana-cuba\/","title":{"rendered":"Blog Hostal-Restaurante La Familia Manrique en la Habana CUba"},"content":{"rendered":"\n<div class=\"wp-block-uagb-container uagb-block-1deba669 alignfull uagb-is-root-container\"><div class=\"uagb-container-inner-blocks-wrap\">\n<div class=\"wp-block-uagb-advanced-heading uagb-block-aac580ed\"><h1 class=\"uagb-heading-text\">Blog<\/h1><\/div>\n<\/div><\/div>\n\n\n\n<div class=\"wp-block-uagb-container uagb-layout-flex uagb-block-c8fbda37 alignfull uagb-is-root-container\"><div class=\"uagb-container-inner-blocks-wrap\"><ul class=\"wp-block-latest-posts__list has-dates wp-block-latest-posts\"><li><div class=\"wp-block-latest-posts__featured-image alignleft\"><img decoding=\"async\" width=\"150\" height=\"150\" src=\"https:\/\/lafamiliamanrique.com\/wp-content\/uploads\/2026\/03\/Document-Name2-150x150.jpg\" class=\"attachment-thumbnail size-thumbnail wp-post-image\" alt=\"\" style=\"\" srcset=\"https:\/\/lafamiliamanrique.com\/wp-content\/uploads\/2026\/03\/Document-Name2-150x150.jpg 150w, https:\/\/lafamiliamanrique.com\/wp-content\/uploads\/2026\/03\/Document-Name2-75x75.jpg 75w\" sizes=\"(max-width: 150px) 100vw, 150px\" \/><\/div><a class=\"wp-block-latest-posts__post-title\" href=\"https:\/\/lafamiliamanrique.com\/es\/%f0%9f%8c%88-evento-lgbtiq-en-cuba-la-avanzada-ya-esta-en-la-habana-para-la-fiesta-de-colores\/\">\ud83c\udf08 Evento LGBTIQ+ en Cuba: La avanzada ya est\u00e1 en La Habana para la Fiesta de Colores<\/a><time datetime=\"2026-03-30T13:40:07+00:00\" class=\"wp-block-latest-posts__post-date\">marzo 30, 2026<\/time><div class=\"wp-block-latest-posts__post-excerpt\">\u00a1La bandera de la diversidad ya ondea en Cuba! El sue\u00f1o de un turismo m\u00e1s inclusivo y diverso en la isla ya es una realidad. Nos complace anunciar que el equipo de avanzada de Havanatur Eventos ya se encuentra en La Habana, coordinando cada detalle t\u00e9cnico y log\u00edstico para el evento pensado por y para&#8230; <a class=\"wp-block-latest-posts__read-more\" href=\"https:\/\/lafamiliamanrique.com\/es\/%f0%9f%8c%88-evento-lgbtiq-en-cuba-la-avanzada-ya-esta-en-la-habana-para-la-fiesta-de-colores\/\" rel=\"noopener noreferrer\">Lee m\u00e1s<span class=\"screen-reader-text\">: \ud83c\udf08 Evento LGBTIQ+ en Cuba: La avanzada ya est\u00e1 en La Habana para la Fiesta de Colores<\/span><\/a><\/div><\/li>\n<li><div class=\"wp-block-latest-posts__featured-image alignleft\"><img decoding=\"async\" width=\"150\" height=\"150\" src=\"https:\/\/lafamiliamanrique.com\/wp-content\/uploads\/2026\/01\/habana-150x150.png\" class=\"attachment-thumbnail size-thumbnail wp-post-image\" alt=\"festivas de la salsa\" style=\"\" srcset=\"https:\/\/lafamiliamanrique.com\/wp-content\/uploads\/2026\/01\/habana-150x150.png 150w, https:\/\/lafamiliamanrique.com\/wp-content\/uploads\/2026\/01\/habana-75x75.png 75w\" sizes=\"(max-width: 150px) 100vw, 150px\" \/><\/div><a class=\"wp-block-latest-posts__post-title\" href=\"https:\/\/lafamiliamanrique.com\/es\/festival-de-la-salsa-2026-2\/\">FESTIVAL DE LA SALSA 2026<\/a><time datetime=\"2026-01-26T15:31:10+00:00\" class=\"wp-block-latest-posts__post-date\">enero 26, 2026<\/time><div class=\"wp-block-latest-posts__post-excerpt\">Para Reservar debe enviarse Rooming List 35 d\u00edas antes del inicio del programa. WhatsApp +53 58277235, e-mail: melr26julio@gmail.com<\/div><\/li>\n<li><div class=\"wp-block-latest-posts__featured-image alignleft\"><img decoding=\"async\" width=\"150\" height=\"150\" src=\"https:\/\/lafamiliamanrique.com\/wp-content\/uploads\/2026\/01\/Gemini_Generated_Image_8x6th98x6th98x6t-150x150.png\" class=\"attachment-thumbnail size-thumbnail wp-post-image\" alt=\"\" style=\"\" srcset=\"https:\/\/lafamiliamanrique.com\/wp-content\/uploads\/2026\/01\/Gemini_Generated_Image_8x6th98x6th98x6t-150x150.png 150w, https:\/\/lafamiliamanrique.com\/wp-content\/uploads\/2026\/01\/Gemini_Generated_Image_8x6th98x6th98x6t-75x75.png 75w\" sizes=\"(max-width: 150px) 100vw, 150px\" \/><\/div><a class=\"wp-block-latest-posts__post-title\" href=\"https:\/\/lafamiliamanrique.com\/es\/festival-de-la-salsa-2026\/\">FESTIVAL DE LA SALSA 2026<\/a><time datetime=\"2026-01-05T15:00:36+00:00\" class=\"wp-block-latest-posts__post-date\">enero 5, 2026<\/time><div class=\"wp-block-latest-posts__post-excerpt\"><\/div><\/li>\n<li><div class=\"wp-block-latest-posts__featured-image alignleft\"><img loading=\"lazy\" decoding=\"async\" width=\"150\" height=\"150\" src=\"https:\/\/lafamiliamanrique.com\/wp-content\/uploads\/2025\/11\/WhatsApp-Image-2025-11-15-at-11.51.30-PM-150x150.jpeg\" class=\"attachment-thumbnail size-thumbnail wp-post-image\" alt=\"\" style=\"\" srcset=\"https:\/\/lafamiliamanrique.com\/wp-content\/uploads\/2025\/11\/WhatsApp-Image-2025-11-15-at-11.51.30-PM-150x150.jpeg 150w, https:\/\/lafamiliamanrique.com\/wp-content\/uploads\/2025\/11\/WhatsApp-Image-2025-11-15-at-11.51.30-PM-300x300.jpeg 300w, https:\/\/lafamiliamanrique.com\/wp-content\/uploads\/2025\/11\/WhatsApp-Image-2025-11-15-at-11.51.30-PM-1024x1024.jpeg 1024w, https:\/\/lafamiliamanrique.com\/wp-content\/uploads\/2025\/11\/WhatsApp-Image-2025-11-15-at-11.51.30-PM-768x768.jpeg 768w, https:\/\/lafamiliamanrique.com\/wp-content\/uploads\/2025\/11\/WhatsApp-Image-2025-11-15-at-11.51.30-PM-12x12.jpeg 12w, https:\/\/lafamiliamanrique.com\/wp-content\/uploads\/2025\/11\/WhatsApp-Image-2025-11-15-at-11.51.30-PM-75x75.jpeg 75w, https:\/\/lafamiliamanrique.com\/wp-content\/uploads\/2025\/11\/WhatsApp-Image-2025-11-15-at-11.51.30-PM.jpeg 1080w\" sizes=\"(max-width: 150px) 100vw, 150px\" \/><\/div><a class=\"wp-block-latest-posts__post-title\" href=\"https:\/\/lafamiliamanrique.com\/es\/fihav-2025-tu-descanso-garantizado-en-el-corazon-de-la-habana-hostal-manrique-519\/\">FIHAV 2025: Tu Descanso Garantizado en el Coraz\u00f3n de La Habana | Hostal Manrique 519<\/a><time datetime=\"2025-11-26T14:46:19+00:00\" class=\"wp-block-latest-posts__post-date\">noviembre 26, 2025<\/time><div class=\"wp-block-latest-posts__post-excerpt\">Prep\u00e1rate para la Feria Internacional de La Habana (FIHAV 2025) y asegura tu alojamiento con antelaci\u00f3n en La Familia Manrique 519. Somos la opci\u00f3n ideal de hospedaje para FIHAV que combina la tranquilidad de un aut\u00e9ntico hostal colonial con la comodidad que el viajero de negocios o expositor necesita. Olv\u00eddate del estr\u00e9s: te ofrecemos un&#8230; <a class=\"wp-block-latest-posts__read-more\" href=\"https:\/\/lafamiliamanrique.com\/es\/fihav-2025-tu-descanso-garantizado-en-el-corazon-de-la-habana-hostal-manrique-519\/\" rel=\"noopener noreferrer\">Lee m\u00e1s<span class=\"screen-reader-text\">: FIHAV 2025: Tu Descanso Garantizado en el Coraz\u00f3n de La Habana | Hostal Manrique 519<\/span><\/a><\/div><\/li>\n<li><div class=\"wp-block-latest-posts__featured-image alignleft\"><img loading=\"lazy\" decoding=\"async\" width=\"150\" height=\"150\" src=\"https:\/\/lafamiliamanrique.com\/wp-content\/uploads\/2025\/08\/20250817_MG_7233-Enhanced-NR_1-150x150.jpg\" class=\"attachment-thumbnail size-thumbnail wp-post-image\" alt=\"havana club\" style=\"\" srcset=\"https:\/\/lafamiliamanrique.com\/wp-content\/uploads\/2025\/08\/20250817_MG_7233-Enhanced-NR_1-150x150.jpg 150w, https:\/\/lafamiliamanrique.com\/wp-content\/uploads\/2025\/08\/20250817_MG_7233-Enhanced-NR_1-75x75.jpg 75w\" sizes=\"(max-width: 150px) 100vw, 150px\" \/><\/div><a class=\"wp-block-latest-posts__post-title\" href=\"https:\/\/lafamiliamanrique.com\/es\/%f0%9f%8c%85-la-familia-manrique-se-une-a-la-magica-ruta-de-atardeceres-de-warapo-%f0%9f%8c%8a\/\">\ud83c\udf05 \u00a1La Familia Manrique se une a la m\u00e1gica Ruta de Atardeceres de Warapo! \ud83c\udf0a<\/a><time datetime=\"2025-08-28T16:19:44+00:00\" class=\"wp-block-latest-posts__post-date\">agosto 28, 2025<\/time><div class=\"wp-block-latest-posts__post-excerpt\">\ud83c\udf05 \u00a1La Familia Manrique se une a la m\u00e1gica Ruta de Atardeceres de Warapo! \ud83c\udf0a Nos llena de alegr\u00eda compartir con ustedes una experiencia inolvidable: nuestra reciente participaci\u00f3n en la fiesta de playa organizada por el proyecto Warapo, donde el sol, el mar y la arena se encontraron con la aut\u00e9ntica esencia cubana. \ud83c\udfd6\ufe0f\u2728 En&#8230; <a class=\"wp-block-latest-posts__read-more\" href=\"https:\/\/lafamiliamanrique.com\/es\/%f0%9f%8c%85-la-familia-manrique-se-une-a-la-magica-ruta-de-atardeceres-de-warapo-%f0%9f%8c%8a\/\" rel=\"noopener noreferrer\">Lee m\u00e1s<span class=\"screen-reader-text\">: \ud83c\udf05 \u00a1La Familia Manrique se une a la m\u00e1gica Ruta de Atardeceres de Warapo! \ud83c\udf0a<\/span><\/a><\/div><\/li>\n<\/ul><\/div><\/div>\n\n\n\n<div class=\"wp-block-uagb-advanced-heading uagb-block-c63cb651\"><h2 class=\"uagb-heading-text\">&#8220;Testimonials&#8221;<\/h2><\/div>\n\n\n<div class=\"strong-view strong-view-id-2 modern wpmtst-modern\" data-count=\"3\"><div class=\"strong-content strong-normal columns-1\"><div class=\"wpmtst-testimonial testimonial post-6253\"><div class=\"wpmtst-testimonial-inner testimonial-inner\"><div   class=\"wpmtst-testimonial-content  testimonial-content\"><h3 class=\"wpmtst-testimonial-heading testimonial-heading\">Restaurante la familia Manrique<\/h3><p>Nuestra experiencia fue magnifica junto al mar, una cena de lujo<\/p><\/div><div class=\"clear\"><\/div><\/div><\/div><div class=\"wpmtst-testimonial testimonial post-6537\"><div class=\"wpmtst-testimonial-inner testimonial-inner\"><div   class=\"wpmtst-testimonial-content  testimonial-content\"><h3 class=\"wpmtst-testimonial-heading testimonial-heading\">Manrique 519 c&#8217;est bien plus<\/h3><p>Manrique 519 c&#8217;est bien plus qu&#8217;un endroit o\u00f9, pour un prix tr\u00e8s raisonnable, on peut dormir (confortablement) et manger (copieusement&hellip; <a href=\"https:\/\/lafamiliamanrique.com\/es\/testimonial\/manrique-519-cest-bien-plus\/\" class=\"readmore\">Read more<span class=\"screen-reader-text\"> &#8220;Manrique 519 c&#8217;est bien plus&#8221;<\/span><\/a><\/p><\/div><div class=\"wpmtst-testimonial-field testimonial-field testimonial-name\">Philippe Caner<\/div><div class=\"clear\"><\/div><\/div><\/div><div class=\"wpmtst-testimonial testimonial post-6563\"><div class=\"wpmtst-testimonial-inner testimonial-inner\"><div   class=\"wpmtst-testimonial-content  testimonial-content\"><h3 class=\"wpmtst-testimonial-heading testimonial-heading\">Ya me he quedado con<\/h3><p>Ya me he quedado con nuestros de amigos viajeros en dos ocasiones y me ha encantado. Qu\u00e9 lugar tan hermosamente&hellip; <a href=\"https:\/\/lafamiliamanrique.com\/es\/testimonial\/ya-me-he-quedado-con\/\" class=\"readmore\">Read more<span class=\"screen-reader-text\"> &#8220;Ya me he quedado con&#8221;<\/span><\/a><\/p><\/div><div class=\"wpmtst-testimonial-image testimonial-image\"><img loading=\"lazy\" decoding=\"async\" width=\"150\" height=\"150\" src=\"https:\/\/lafamiliamanrique.com\/wp-content\/uploads\/2025\/04\/IMG-20250301-WA0040-150x150.jpg\" class=\"attachment-thumbnail size-thumbnail wp-post-image\" alt=\"\" srcset=\"https:\/\/lafamiliamanrique.com\/wp-content\/uploads\/2025\/04\/IMG-20250301-WA0040-150x150.jpg 150w, https:\/\/lafamiliamanrique.com\/wp-content\/uploads\/2025\/04\/IMG-20250301-WA0040-75x75.jpg 75w\" sizes=\"(max-width: 150px) 100vw, 150px\" \/><\/div><div class=\"wpmtst-testimonial-field testimonial-field testimonial-name\">Vicente Castellanos<\/div><div class=\"clear\"><\/div><\/div><\/div><\/div><\/div>\n\n\n<div class=\"strong-view strong-form strong-view-id-1 default-form wpmtst-default-form\" data-state=\"idle\"><div class=\"strong-form-wait\" data-formid=\"1\"><div class=\"message\"><img decoding=\"async\" src=\"https:\/\/lafamiliamanrique.com\/wp-content\/plugins\/strong-testimonials\/assets\/public\/svg\/spinner-solid.svg\" alt=\"Strong Testimonials form submission spinner.\"><\/div><\/div><div class=\"wpmtst-form wpmtst-form-id-1\"><div class=\"strong-form-inner\"><p class=\"required-notice\"><span class=\"required symbol\"><\/span>Required\t\t<\/p><form class=\"wpmtst-submission-form\" method=\"post\" enctype=\"multipart\/form-data\" autocomplete=\"off\" data-config=\"{&quot;scroll&quot;:{&quot;onError&quot;:true,&quot;onErrorOffset&quot;:80,&quot;onSuccess&quot;:true,&quot;onSuccessOffset&quot;:80},&quot;fields&quot;:[{&quot;name&quot;:&quot;client_name&quot;,&quot;type&quot;:&quot;text&quot;,&quot;required&quot;:1},{&quot;name&quot;:&quot;email&quot;,&quot;type&quot;:&quot;email&quot;,&quot;required&quot;:1},{&quot;name&quot;:&quot;company_name&quot;,&quot;type&quot;:&quot;text&quot;,&quot;required&quot;:0},{&quot;name&quot;:&quot;company_website&quot;,&quot;type&quot;:&quot;url&quot;,&quot;required&quot;:0},{&quot;name&quot;:&quot;post_title&quot;,&quot;type&quot;:&quot;text&quot;,&quot;required&quot;:0},{&quot;name&quot;:&quot;post_content&quot;,&quot;type&quot;:&quot;textarea&quot;,&quot;required&quot;:1},{&quot;name&quot;:&quot;featured_image&quot;,&quot;type&quot;:&quot;file&quot;,&quot;required&quot;:0},{&quot;name&quot;:&quot;star_rating&quot;,&quot;type&quot;:&quot;rating&quot;,&quot;required&quot;:0}]}\" data-formid = \"1\"><div style=\"display: none;\"><input type=\"hidden\" id=\"wpmtst_form_nonce\" name=\"wpmtst_form_nonce\" value=\"26a65ac228\" \/><input type=\"hidden\" name=\"_wp_http_referer\" value=\"\/es\/wp-json\/wp\/v2\/pages\/6248\" \/><input type=\"hidden\" name=\"action\" value=\"wpmtst_form\"><input type=\"hidden\" name=\"form_id\" value=\"1\"><input type=\"hidden\" name=\"default_category\" value=\"\"><input type=\"hidden\" name=\"view_id\" value=\"1\"><input type=\"hidden\" name=\"category\" value=\"\"><\/div><div class=\"form-field field-client_name\"><label for=\"wpmtst_client_name\" class=\"field-client_name\">Full Name<\/label><span class=\"required symbol\"><\/span><input id=\"wpmtst_client_name\" type=\"text\" class=\"text\" name=\"client_name\"  value=\"\" placeholder=\"\"   required tabindex=\"0\"><span class=\"after\">What is your full name?<\/span><\/div><div class=\"form-field field-email\"><label for=\"wpmtst_email\" class=\"field-email\">Email<\/label><span class=\"required symbol\"><\/span><input id=\"wpmtst_email\" type=\"email\" class=\"text email\" name=\"email\"  value=\"\" placeholder=\"\"   required tabindex=\"0\"><span class=\"after\">What is your email address?<\/span><\/div><div class=\"form-field field-company_name\"><label for=\"wpmtst_company_name\" class=\"field-company_name\">Company Name<\/label><input id=\"wpmtst_company_name\" type=\"text\" class=\"text\" name=\"company_name\"  value=\"\" placeholder=\"\"   tabindex=\"0\"><span class=\"after\">What is your company name?<\/span><\/div><div class=\"form-field field-company_website\"><label for=\"wpmtst_company_website\" class=\"field-company_website\">Company Website<\/label><input id=\"wpmtst_company_website\" type=\"url\" class=\"text url\" name=\"company_website\"  value=\"\" placeholder=\"\"   tabindex=\"0\"><span class=\"after\">Does your company have a website?<\/span><\/div><div class=\"form-field field-post_title\"><label for=\"wpmtst_post_title\" class=\"field-post_title\">Heading<\/label><input id=\"wpmtst_post_title\" type=\"text\" class=\"text\" name=\"post_title\"  value=\"\" placeholder=\"\"   tabindex=\"0\"><span class=\"after\">A headline for your testimonial.<\/span><\/div><div class=\"form-field field-post_content\"><label for=\"wpmtst_post_content\" class=\"field-post_content\">Testimonial<\/label><span class=\"required symbol\"><\/span><textarea id=\"wpmtst_post_content\" name=\"post_content\" class=\"textarea\"  required placeholder=\"\"  tabindex=\"0\"><\/textarea><span class=\"after\">What do you think about us?<\/span><\/div><div class=\"form-field field-featured_image\"><label for=\"wpmtst_featured_image\" class=\"field-featured_image\">Photo<\/label><div class=\"field-wrap\"><input id=\"wpmtst_featured_image\" type=\"file\" name=\"featured_image\" tabindex=\"0\"><\/div><span class=\"after\">Would you like to include a photo?<\/span><\/div><div class=\"form-field field-star_rating\"><label for=\"wpmtst_star_rating\" class=\"field-star_rating\">Star rating<\/label><div class=\"strong-rating-wrapper field-wrap in-form\"><fieldset contenteditable=false\n\t\t\t\t\tid=\"wpmtst_star_rating\"\n\t\t\t\t\tname=\"star_rating\"\n\t\t\t\t\tclass=\"strong-rating\"\n\t\t\t\t\tdata-field-type=\"rating\"\n\t\t\t\t\ttabindex=\"0\"><legend>rating fields<\/legend><input type=\"radio\" id=\"star_rating-star0-9325\" name=\"star_rating\" value=\"0\"  checked='checked' \/><label for=\"star_rating-star0-9325\" title=\"No stars\"><\/label><input type=\"radio\" id=\"star_rating-star1-9325\" name=\"star_rating\" value=\"1\"  \/><label for=\"star_rating-star1-9325\" class=\"star\" title=\"1 star\"><svg aria-hidden=\"true\" role=\"img\" xmlns=\"http:\/\/www.w3.org\/2000\/svg\" viewBox=\"-12 -12 590 526\"><path class=\"star_regular\" d=\"M528.1 171.5L382 150.2 316.7 17.8c-11.7-23.6-45.6-23.9-57.4 0L194 150.2 47.9 171.5c-26.2 3.8-36.7 36.1-17.7 54.6l105.7 103-25 145.5c-4.5 26.3 23.2 46 46.4 33.7L288 439.6l130.7 68.7c23.2 12.2 50.9-7.4 46.4-33.7l-25-145.5 105.7-103c19-18.5 8.5-50.8-17.7-54.6zM388.6 312.3l23.7 138.4L288 385.4l-124.3 65.3 23.7-138.4-100.6-98 139-20.2 62.2-126 62.2 126 139 20.2-100.6 98z\"><\/path><path class=\"star_solid\" d=\"M259.3 17.8L194 150.2 47.9 171.5c-26.2 3.8-36.7 36.1-17.7 54.6l105.7 103-25 145.5c-4.5 26.3 23.2 46 46.4 33.7L288 439.6l130.7 68.7c23.2 12.2 50.9-7.4 46.4-33.7l-25-145.5 105.7-103c19-18.5 8.5-50.8-17.7-54.6L382 150.2 316.7 17.8c-11.7-23.6-45.6-23.9-57.4 0z\"><\/path><\/svg><\/label><input type=\"radio\" id=\"star_rating-star2-9325\" name=\"star_rating\" value=\"2\"  \/><label for=\"star_rating-star2-9325\" class=\"star\" title=\"2 stars\"><svg aria-hidden=\"true\" role=\"img\" xmlns=\"http:\/\/www.w3.org\/2000\/svg\" viewBox=\"-12 -12 590 526\"><path class=\"star_regular\" d=\"M528.1 171.5L382 150.2 316.7 17.8c-11.7-23.6-45.6-23.9-57.4 0L194 150.2 47.9 171.5c-26.2 3.8-36.7 36.1-17.7 54.6l105.7 103-25 145.5c-4.5 26.3 23.2 46 46.4 33.7L288 439.6l130.7 68.7c23.2 12.2 50.9-7.4 46.4-33.7l-25-145.5 105.7-103c19-18.5 8.5-50.8-17.7-54.6zM388.6 312.3l23.7 138.4L288 385.4l-124.3 65.3 23.7-138.4-100.6-98 139-20.2 62.2-126 62.2 126 139 20.2-100.6 98z\"><\/path><path class=\"star_solid\" d=\"M259.3 17.8L194 150.2 47.9 171.5c-26.2 3.8-36.7 36.1-17.7 54.6l105.7 103-25 145.5c-4.5 26.3 23.2 46 46.4 33.7L288 439.6l130.7 68.7c23.2 12.2 50.9-7.4 46.4-33.7l-25-145.5 105.7-103c19-18.5 8.5-50.8-17.7-54.6L382 150.2 316.7 17.8c-11.7-23.6-45.6-23.9-57.4 0z\"><\/path><\/svg><\/label><input type=\"radio\" id=\"star_rating-star3-9325\" name=\"star_rating\" value=\"3\"  \/><label for=\"star_rating-star3-9325\" class=\"star\" title=\"3 stars\"><svg aria-hidden=\"true\" role=\"img\" xmlns=\"http:\/\/www.w3.org\/2000\/svg\" viewBox=\"-12 -12 590 526\"><path class=\"star_regular\" d=\"M528.1 171.5L382 150.2 316.7 17.8c-11.7-23.6-45.6-23.9-57.4 0L194 150.2 47.9 171.5c-26.2 3.8-36.7 36.1-17.7 54.6l105.7 103-25 145.5c-4.5 26.3 23.2 46 46.4 33.7L288 439.6l130.7 68.7c23.2 12.2 50.9-7.4 46.4-33.7l-25-145.5 105.7-103c19-18.5 8.5-50.8-17.7-54.6zM388.6 312.3l23.7 138.4L288 385.4l-124.3 65.3 23.7-138.4-100.6-98 139-20.2 62.2-126 62.2 126 139 20.2-100.6 98z\"><\/path><path class=\"star_solid\" d=\"M259.3 17.8L194 150.2 47.9 171.5c-26.2 3.8-36.7 36.1-17.7 54.6l105.7 103-25 145.5c-4.5 26.3 23.2 46 46.4 33.7L288 439.6l130.7 68.7c23.2 12.2 50.9-7.4 46.4-33.7l-25-145.5 105.7-103c19-18.5 8.5-50.8-17.7-54.6L382 150.2 316.7 17.8c-11.7-23.6-45.6-23.9-57.4 0z\"><\/path><\/svg><\/label><input type=\"radio\" id=\"star_rating-star4-9325\" name=\"star_rating\" value=\"4\"  \/><label for=\"star_rating-star4-9325\" class=\"star\" title=\"4 stars\"><svg aria-hidden=\"true\" role=\"img\" xmlns=\"http:\/\/www.w3.org\/2000\/svg\" viewBox=\"-12 -12 590 526\"><path class=\"star_regular\" d=\"M528.1 171.5L382 150.2 316.7 17.8c-11.7-23.6-45.6-23.9-57.4 0L194 150.2 47.9 171.5c-26.2 3.8-36.7 36.1-17.7 54.6l105.7 103-25 145.5c-4.5 26.3 23.2 46 46.4 33.7L288 439.6l130.7 68.7c23.2 12.2 50.9-7.4 46.4-33.7l-25-145.5 105.7-103c19-18.5 8.5-50.8-17.7-54.6zM388.6 312.3l23.7 138.4L288 385.4l-124.3 65.3 23.7-138.4-100.6-98 139-20.2 62.2-126 62.2 126 139 20.2-100.6 98z\"><\/path><path class=\"star_solid\" d=\"M259.3 17.8L194 150.2 47.9 171.5c-26.2 3.8-36.7 36.1-17.7 54.6l105.7 103-25 145.5c-4.5 26.3 23.2 46 46.4 33.7L288 439.6l130.7 68.7c23.2 12.2 50.9-7.4 46.4-33.7l-25-145.5 105.7-103c19-18.5 8.5-50.8-17.7-54.6L382 150.2 316.7 17.8c-11.7-23.6-45.6-23.9-57.4 0z\"><\/path><\/svg><\/label><input type=\"radio\" id=\"star_rating-star5-9325\" name=\"star_rating\" value=\"5\"  \/><label for=\"star_rating-star5-9325\" class=\"star\" title=\"5 stars\"><svg aria-hidden=\"true\" role=\"img\" xmlns=\"http:\/\/www.w3.org\/2000\/svg\" viewBox=\"-12 -12 590 526\"><path class=\"star_regular\" d=\"M528.1 171.5L382 150.2 316.7 17.8c-11.7-23.6-45.6-23.9-57.4 0L194 150.2 47.9 171.5c-26.2 3.8-36.7 36.1-17.7 54.6l105.7 103-25 145.5c-4.5 26.3 23.2 46 46.4 33.7L288 439.6l130.7 68.7c23.2 12.2 50.9-7.4 46.4-33.7l-25-145.5 105.7-103c19-18.5 8.5-50.8-17.7-54.6zM388.6 312.3l23.7 138.4L288 385.4l-124.3 65.3 23.7-138.4-100.6-98 139-20.2 62.2-126 62.2 126 139 20.2-100.6 98z\"><\/path><path class=\"star_solid\" d=\"M259.3 17.8L194 150.2 47.9 171.5c-26.2 3.8-36.7 36.1-17.7 54.6l105.7 103-25 145.5c-4.5 26.3 23.2 46 46.4 33.7L288 439.6l130.7 68.7c23.2 12.2 50.9-7.4 46.4-33.7l-25-145.5 105.7-103c19-18.5 8.5-50.8-17.7-54.6L382 150.2 316.7 17.8c-11.7-23.6-45.6-23.9-57.4 0z\"><\/path><\/svg><\/label><\/fieldset><\/div><span class=\"after\">Would you like to include star rating?<\/span><\/div><div class=\"form-field wpmtst-submit\"><label><input type=\"submit\" class=\"wpmtst_submit_testimonial\" name=\"wpmtst_submit_testimonial\" value=\"Add Testimonial\" class=\"button\" tabindex=\"0\"><\/label><\/div><\/form><\/div><\/div><\/div>\n","protected":false},"excerpt":{"rendered":"<p>Blog &#8220;Testimonials&#8221;<\/p>","protected":false},"author":2,"featured_media":0,"parent":0,"menu_order":0,"comment_status":"closed","ping_status":"closed","template":"","meta":{"om_disable_all_campaigns":false,"_uag_custom_page_level_css":"","_monsterinsights_skip_tracking":false,"_monsterinsights_sitenote_active":false,"_monsterinsights_sitenote_note":"","_monsterinsights_sitenote_category":0,"site-sidebar-layout":"default","site-content-layout":"","ast-site-content-layout":"default","site-content-style":"default","site-sidebar-style":"default","ast-global-header-display":"","ast-banner-title-visibility":"","ast-main-header-display":"","ast-hfb-above-header-display":"","ast-hfb-below-header-display":"","ast-hfb-mobile-header-display":"","site-post-title":"disabled","ast-breadcrumbs-content":"","ast-featured-img":"","footer-sml-layout":"","ast-disable-related-posts":"","theme-transparent-header-meta":"","adv-header-id-meta":"","stick-header-meta":"","header-above-stick-meta":"","header-main-stick-meta":"","header-below-stick-meta":"","astra-migrate-meta-layouts":"set","ast-page-background-enabled":"default","ast-page-background-meta":{"desktop":{"background-color":"","background-image":"","background-repeat":"repeat","background-position":"center center","background-size":"auto","background-attachment":"scroll","background-type":"","background-media":"","overlay-type":"","overlay-color":"","overlay-opacity":"","overlay-gradient":""},"tablet":{"background-color":"","background-image":"","background-repeat":"repeat","background-position":"center center","background-size":"auto","background-attachment":"scroll","background-type":"","background-media":"","overlay-type":"","overlay-color":"","overlay-opacity":"","overlay-gradient":""},"mobile":{"background-color":"","background-image":"","background-repeat":"repeat","background-position":"center center","background-size":"auto","background-attachment":"scroll","background-type":"","background-media":"","overlay-type":"","overlay-color":"","overlay-opacity":"","overlay-gradient":""}},"ast-content-background-meta":{"desktop":{"background-color":"var(--ast-global-color-5)","background-image":"","background-repeat":"repeat","background-position":"center center","background-size":"auto","background-attachment":"scroll","background-type":"","background-media":"","overlay-type":"","overlay-color":"","overlay-opacity":"","overlay-gradient":""},"tablet":{"background-color":"var(--ast-global-color-5)","background-image":"","background-repeat":"repeat","background-position":"center center","background-size":"auto","background-attachment":"scroll","background-type":"","background-media":"","overlay-type":"","overlay-color":"","overlay-opacity":"","overlay-gradient":""},"mobile":{"background-color":"var(--ast-global-color-5)","background-image":"","background-repeat":"repeat","background-position":"center center","background-size":"auto","background-attachment":"scroll","background-type":"","background-media":"","overlay-type":"","overlay-color":"","overlay-opacity":"","overlay-gradient":""}},"footnotes":""},"class_list":["post-6248","page","type-page","status-publish","hentry"],"aioseo_notices":[],"uagb_featured_image_src":{"full":false,"thumbnail":false,"medium":false,"medium_large":false,"large":false,"1536x1536":false,"2048x2048":false,"trp-custom-language-flag":false,"widget-thumbnail":false},"uagb_author_info":{"display_name":"booking@lafamiliamanrique.com","author_link":"https:\/\/lafamiliamanrique.com\/es\/author\/bookinglafamiliamanrique-com\/"},"uagb_comment_info":0,"uagb_excerpt":"Blog &#8220;Testimonials&#8221;","_links":{"self":[{"href":"https:\/\/lafamiliamanrique.com\/es\/wp-json\/wp\/v2\/pages\/6248","targetHints":{"allow":["GET"]}}],"collection":[{"href":"https:\/\/lafamiliamanrique.com\/es\/wp-json\/wp\/v2\/pages"}],"about":[{"href":"https:\/\/lafamiliamanrique.com\/es\/wp-json\/wp\/v2\/types\/page"}],"author":[{"embeddable":true,"href":"https:\/\/lafamiliamanrique.com\/es\/wp-json\/wp\/v2\/users\/2"}],"replies":[{"embeddable":true,"href":"https:\/\/lafamiliamanrique.com\/es\/wp-json\/wp\/v2\/comments?post=6248"}],"version-history":[{"count":21,"href":"https:\/\/lafamiliamanrique.com\/es\/wp-json\/wp\/v2\/pages\/6248\/revisions"}],"predecessor-version":[{"id":6534,"href":"https:\/\/lafamiliamanrique.com\/es\/wp-json\/wp\/v2\/pages\/6248\/revisions\/6534"}],"wp:attachment":[{"href":"https:\/\/lafamiliamanrique.com\/es\/wp-json\/wp\/v2\/media?parent=6248"}],"curies":[{"name":"wp","href":"https:\/\/api.w.org\/{rel}","templated":true}]}}